{"id":2897,"date":"2026-04-11T15:41:13","date_gmt":"2026-04-11T12:41:13","guid":{"rendered":"https:\/\/love-artually.com\/?post_type=product&#038;p=2897"},"modified":"2026-04-11T15:50:21","modified_gmt":"2026-04-11T12:50:21","slug":"sticker-group-hephaistion-rauxsana-alexandros-eco-mythic","status":"publish","type":"product","link":"https:\/\/love-artually.com\/en\/proionta\/stickers\/sticker-group-hephaistion-rauxsana-alexandros-eco-mythic\/","title":{"rendered":"Sticker Group Hephaist\u00edon, Raux\u0161an\u0101 &amp; Al\u00e9xandros"},"content":{"rendered":"<h2>Sticker Group Hephaist\u00edon, Raux\u0161an\u0101 &amp; Al\u00e9xandros: \u039c\u03b9\u03b1 \u0399\u03c3\u03c4\u03bf\u03c1\u03af\u03b1 \u03a0\u03ac\u03b8\u03bf\u03c5\u03c2 \u03c3\u03b5 \u03a3\u03cd\u03b3\u03c7\u03c1\u03bf\u03bd\u03bf Design<\/h2>\n<p>At <strong>Love Artually<\/strong>, \u03b7 <strong>modern mythology<\/strong> \u03b4\u03b5\u03bd \u03c0\u03b5\u03c1\u03b9\u03bf\u03c1\u03af\u03b6\u03b5\u03c4\u03b1\u03b9 \u03bc\u03cc\u03bd\u03bf \u03c3\u03c4\u03bf \u03b8\u03b5\u03af\u03bf, \u03b1\u03bb\u03bb\u03ac \u03b1\u03b3\u03b3\u03af\u03b6\u03b5\u03b9 \u03ba\u03b1\u03b9 \u03c4\u03b9\u03c2 \u03b8\u03c1\u03c5\u03bb\u03b9\u03ba\u03ad\u03c2 \u03bc\u03bf\u03c1\u03c6\u03ad\u03c2 \u03c4\u03b7\u03c2 \u03b9\u03c3\u03c4\u03bf\u03c1\u03af\u03b1\u03c2 \u03c0\u03bf\u03c5 \u03ad\u03b6\u03b7\u03c3\u03b1\u03bd \u03bc\u03b5 \u03b8\u03b5\u03ca\u03ba\u03cc \u03c0\u03ac\u03b8\u03bf\u03c2. \u03a4\u03bf <strong>Sticker Group Hephaist\u00edon, Raux\u0161an\u0101 &amp; Al\u00e9xandros<\/strong> \u03c6\u03ad\u03c1\u03bd\u03b5\u03b9 \u03c3\u03c4\u03bf \u03c3\u03ae\u03bc\u03b5\u03c1\u03b1 \u03c4\u03b7 \u03b4\u03c5\u03bd\u03b1\u03bc\u03b9\u03ba\u03ae \u03c3\u03c7\u03ad\u03c3\u03b7 \u03c4\u03bf\u03c5 \u039c\u03b5\u03b3\u03ac\u03bb\u03bf\u03c5 \u0391\u03bb\u03b5\u03be\u03ac\u03bd\u03b4\u03c1\u03bf\u03c5, \u03c4\u03b7\u03c2 \u03a1\u03c9\u03be\u03ac\u03bd\u03b7\u03c2 \u03ba\u03b1\u03b9 \u03c4\u03bf\u03c5 \u0397\u03c6\u03b1\u03b9\u03c3\u03c4\u03af\u03c9\u03bd\u03b1. \u03a4\u03c1\u03b5\u03b9\u03c2 \u03ac\u03bd\u03b8\u03c1\u03c9\u03c0\u03bf\u03b9, \u03bc\u03b9\u03b1 \u03ba\u03bf\u03b9\u03bd\u03ae \u03c0\u03bf\u03c1\u03b5\u03af\u03b1 \u03ba\u03b1\u03b9 \u03bc\u03b9\u03b1 \u03b1\u03c6\u03bf\u03c3\u03af\u03c9\u03c3\u03b7 \u03c0\u03bf\u03c5 \u03b4\u03b5\u03bd \u03b3\u03bd\u03ce\u03c1\u03b9\u03c3\u03b5 \u03c3\u03cd\u03bd\u03bf\u03c1\u03b1, \u03c4\u03ce\u03c1\u03b1 \u03b3\u03af\u03bd\u03bf\u03bd\u03c4\u03b1\u03b9 \u03c4\u03bf \u03b1\u03c0\u03cc\u03bb\u03c5\u03c4\u03bf \u03b5\u03b9\u03ba\u03b1\u03c3\u03c4\u03b9\u03ba\u03cc statement \u03b3\u03b9\u03b1 \u03c4\u03b1 \u03c0\u03c1\u03bf\u03c3\u03c9\u03c0\u03b9\u03ba\u03ac \u03c3\u03bf\u03c5 \u03b1\u03bd\u03c4\u03b9\u03ba\u03b5\u03af\u03bc\u03b5\u03bd\u03b1.<\/p>\n<h3>\u0391\u03bd\u03c4\u03bf\u03c7\u03ae \u03c0\u03bf\u03c5 \u03a6\u03c4\u03ac\u03bd\u03b5\u03b9 \u03bc\u03ad\u03c7\u03c1\u03b9 \u03c4\u03b7\u03bd \u03a0\u03b5\u03c1\u03c3\u03af\u03b1<\/h3>\n<p>\u038c\u03c4\u03b1\u03bd \u03bf \u03c3\u03c7\u03b5\u03b4\u03b9\u03b1\u03c3\u03bc\u03cc\u03c2 \u03b5\u03bc\u03c0\u03bd\u03ad\u03b5\u03c4\u03b1\u03b9 \u03b1\u03c0\u03cc \u03ba\u03b1\u03c4\u03b1\u03ba\u03c4\u03b7\u03c4\u03ad\u03c2, \u03b7 \u03b1\u03bd\u03b8\u03b5\u03ba\u03c4\u03b9\u03ba\u03cc\u03c4\u03b7\u03c4\u03b1 \u03b5\u03af\u03bd\u03b1\u03b9 \u03c0\u03c1\u03bf\u03cb\u03c0\u03cc\u03b8\u03b5\u03c3\u03b7. \u0391\u03c5\u03c4\u03ac \u03c4\u03b1 \u03b1\u03c5\u03c4\u03bf\u03ba\u03cc\u03bb\u03bb\u03b7\u03c4\u03b1 \u03ad\u03c7\u03bf\u03c5\u03bd \u03ba\u03b1\u03c4\u03b1\u03c3\u03ba\u03b5\u03c5\u03b1\u03c3\u03c4\u03b5\u03af \u03b3\u03b9\u03b1 \u03bd\u03b1 \u03b1\u03bd\u03c4\u03ad\u03c7\u03bf\u03c5\u03bd \u03cc\u03c3\u03bf \u03ba\u03b1\u03bc\u03af\u03b1 \u03ac\u03bb\u03bb\u03b7 \u03b1\u03c5\u03c4\u03bf\u03ba\u03c1\u03b1\u03c4\u03bf\u03c1\u03af\u03b1. \u03a7\u03c1\u03b7\u03c3\u03b9\u03bc\u03bf\u03c0\u03bf\u03b9\u03bf\u03cd\u03bc\u03b5 <strong>recycled plastic<\/strong> \u03ba\u03bf\u03c1\u03c5\u03c6\u03b1\u03af\u03b1\u03c2 \u03c0\u03bf\u03b9\u03cc\u03c4\u03b7\u03c4\u03b1\u03c2, \u03c4\u03bf \u03bf\u03c0\u03bf\u03af\u03bf \u03c0\u03c1\u03bf\u03c3\u03c6\u03ad\u03c1\u03b5\u03b9 \u03c0\u03bb\u03ae\u03c1\u03b7 \u03c0\u03c1\u03bf\u03c3\u03c4\u03b1\u03c3\u03af\u03b1 \u03b1\u03c0\u03cc \u03c4\u03bf \u03bd\u03b5\u03c1\u03cc \u03ba\u03b1\u03b9 \u03c4\u03bf\u03bd \u03ae\u03bb\u03b9\u03bf. \u0395\u03af\u03c4\u03b5 \u03c0\u03c1\u03cc\u03ba\u03b5\u03b9\u03c4\u03b1\u03b9 \u03b3\u03b9\u03b1 \u03c4\u03bf laptop \u03c3\u03bf\u03c5 \u03c0\u03bf\u03c5 \u03c3\u03b5 \u03c3\u03c5\u03bd\u03bf\u03b4\u03b5\u03cd\u03b5\u03b9 \u03c0\u03b1\u03bd\u03c4\u03bf\u03cd, \u03b5\u03af\u03c4\u03b5 \u03b3\u03b9\u03b1 \u03c4\u03bf notebook \u03c4\u03c9\u03bd \u03c3\u03c7\u03b5\u03b4\u03af\u03c9\u03bd \u03c3\u03bf\u03c5, \u03c4\u03bf \u03c3\u03b5\u03c4 <strong>Hephaistion, Rauxsana &amp; Alexandros<\/strong> \u03c0\u03b1\u03c1\u03b1\u03bc\u03ad\u03bd\u03b5\u03b9 \u03b1\u03bd\u03b1\u03bb\u03bb\u03bf\u03af\u03c9\u03c4\u03bf, \u03b8\u03c5\u03bc\u03af\u03b6\u03bf\u03bd\u03c4\u03ac\u03c2 \u03c3\u03bf\u03c5 \u03cc\u03c4\u03b9 \u03bf\u03b9 \u03bc\u03b5\u03b3\u03ac\u03bb\u03b5\u03c2 \u03b9\u03b4\u03ad\u03b5\u03c2 \u03b1\u03c0\u03b1\u03b9\u03c4\u03bf\u03cd\u03bd \u03b1\u03bd\u03c4\u03bf\u03c7\u03ae.<\/p>\n<h3>\u0392\u03b9\u03ce\u03c3\u03b9\u03bc\u03b7 \u039a\u03b1\u03c4\u03ac\u03ba\u03c4\u03b7\u03c3\u03b7 \u03bc\u03b5 Eco-Friendly \u03a5\u03c0\u03bf\u03b3\u03c1\u03b1\u03c6\u03ae<\/h3>\n<p>\u0391\u03ba\u03cc\u03bc\u03b1 \u03ba\u03b1\u03b9 \u03bf\u03b9 \u03b1\u03c5\u03c4\u03bf\u03ba\u03c1\u03ac\u03c4\u03bf\u03c1\u03b5\u03c2 \u03c0\u03c1\u03ad\u03c0\u03b5\u03b9 \u03bd\u03b1 \u03c3\u03ad\u03b2\u03bf\u03bd\u03c4\u03b1\u03b9 \u03c4\u03b7 \u03c6\u03cd\u03c3\u03b7. \u03a3\u03c4\u03bf <strong>Love Artually<\/strong>, \u03b7\u03b8\u03b9\u03ba\u03ae \u03ba\u03b1\u03b9 \u03b1\u03b9\u03c3\u03b8\u03b7\u03c4\u03b9\u03ba\u03ae \u03c3\u03c5\u03bc\u03b2\u03b1\u03b4\u03af\u03b6\u03bf\u03c5\u03bd. \u03a4\u03b1 \u03b1\u03c5\u03c4\u03bf\u03ba\u03cc\u03bb\u03bb\u03b7\u03c4\u03ac \u03bc\u03b1\u03c2 \u03b5\u03af\u03bd\u03b1\u03b9 <strong>eco-friendly<\/strong>, \u03c6\u03c4\u03b9\u03b1\u03b3\u03bc\u03ad\u03bd\u03b1 \u03b1\u03c0\u03cc \u03b1\u03bd\u03b1\u03ba\u03c5\u03ba\u03bb\u03c9\u03bc\u03ad\u03bd\u03b1 \u03c5\u03bb\u03b9\u03ba\u03ac \u03ba\u03b1\u03b9 \u03c4\u03c5\u03c0\u03c9\u03bc\u03ad\u03bd\u03b1 \u03bc\u03b5 \u03bf\u03b9\u03ba\u03bf\u03bb\u03bf\u03b3\u03b9\u03ba\u03ac \u03bc\u03b5\u03bb\u03ac\u03bd\u03b9\u03b1 \u03b2\u03ac\u03c3\u03b7\u03c2 \u03bd\u03b5\u03c1\u03bf\u03cd. \u0388\u03c4\u03c3\u03b9, \u03bc\u03c0\u03bf\u03c1\u03b5\u03af\u03c2 \u03bd\u03b1 \u03b5\u03ba\u03c6\u03c1\u03ac\u03b6\u03b5\u03b9\u03c2 \u03c4\u03b7 \u03bb\u03b1\u03c4\u03c1\u03b5\u03af\u03b1 \u03c3\u03bf\u03c5 \u03b3\u03b9\u03b1 \u03c4\u03b7\u03bd \u03b9\u03c3\u03c4\u03bf\u03c1\u03af\u03b1 \u03ba\u03b1\u03b9 \u03c4\u03b7\u03bd \u03c4\u03ad\u03c7\u03bd\u03b7 \u03c7\u03c9\u03c1\u03af\u03c2 \u03bd\u03b1 \u03b5\u03c0\u03b9\u03b2\u03b1\u03c1\u03cd\u03bd\u03b5\u03b9\u03c2 \u03c4\u03bf\u03bd \u03c0\u03bb\u03b1\u03bd\u03ae\u03c4\u03b7. \u0395\u03af\u03bd\u03b1\u03b9 \u03b7 \u03b5\u03c0\u03b9\u03bb\u03bf\u03b3\u03ae \u03b5\u03ba\u03b5\u03af\u03bd\u03c9\u03bd \u03c0\u03bf\u03c5 \u03b4\u03b5\u03bd \u03c6\u03bf\u03b2\u03bf\u03cd\u03bd\u03c4\u03b1\u03b9 \u03bd\u03b1 \u03c3\u03ba\u03b5\u03c6\u03c4\u03bf\u03cd\u03bd \u03bc\u03b5\u03b3\u03b1\u03bb\u03cc\u03c0\u03bd\u03bf\u03b1 \u03b1\u03bb\u03bb\u03ac \u03ba\u03b1\u03b9 \u03c5\u03c0\u03b5\u03cd\u03b8\u03c5\u03bd\u03b1.<\/p>\n<ul>\n<li><strong>Plan:<\/strong> Minimalist line art \u03c0\u03bf\u03c5 \u03b1\u03c0\u03bf\u03b4\u03af\u03b4\u03b5\u03b9 \u03c4\u03bf &#8220;\u03bc\u03c5\u03c3\u03c4\u03b9\u03ba\u03cc&#8221; \u03b2\u03bb\u03ad\u03bc\u03bc\u03b1 \u03c4\u03c9\u03bd \u03c4\u03c1\u03b9\u03ce\u03bd \u03c0\u03c1\u03c9\u03c4\u03b1\u03b3\u03c9\u03bd\u03b9\u03c3\u03c4\u03ce\u03bd.<\/li>\n<li><strong>Material:<\/strong> 100% Recycled Plastic \u03bc\u03b5 premium \u03bc\u03b1\u03c4 \u03c6\u03b9\u03bd\u03af\u03c1\u03b9\u03c3\u03bc\u03b1 \u03c0\u03bf\u03c5 \u03b4\u03b5\u03bd \u03b3\u03c5\u03b1\u03bb\u03af\u03b6\u03b5\u03b9 \u03b5\u03bd\u03bf\u03c7\u03bb\u03b7\u03c4\u03b9\u03ba\u03ac.<\/li>\n<li><strong>Application:<\/strong> Die-cut \u03ba\u03bf\u03c0\u03ae \u03b3\u03b9\u03b1 \u03b5\u03cd\u03ba\u03bf\u03bb\u03b7 \u03c4\u03bf\u03c0\u03bf\u03b8\u03ad\u03c4\u03b7\u03c3\u03b7 \u03c3\u03b5 laptops, tablets, \u03c0\u03b1\u03b3\u03bf\u03cd\u03c1\u03b9\u03b1 \u03ba\u03b1\u03b9 notebooks.<\/li>\n<li><strong>Vibe:<\/strong> \u03a0\u03b5\u03c1\u03b9\u03c0\u03ad\u03c4\u03b5\u03b9\u03b1, \u03cc\u03c1\u03b1\u03bc\u03b1, \u03b1\u03c6\u03bf\u03c3\u03af\u03c9\u03c3\u03b7 \u03ba\u03b1\u03b9 \u03b7 \u03b3\u03bf\u03b7\u03c4\u03b5\u03af\u03b1 \u03c4\u03bf\u03c5 &#8220;Love Triangle Goals&#8221;.<\/li>\n<\/ul>\n<h3>\u0393\u03b9\u03b1\u03c4\u03af \u03bd\u03b1 \u0395\u03c0\u03b9\u03bb\u03ad\u03be\u03b5\u03c4\u03b5 \u03c4\u03bf \u03a3\u03c5\u03b3\u03ba\u03b5\u03ba\u03c1\u03b9\u03bc\u03ad\u03bd\u03bf Sticker Group;<\/h3>\n<p>\u0391\u03bd \u03b1\u03bd\u03b1\u03b6\u03b7\u03c4\u03ac\u03c2 \u03ba\u03ac\u03c4\u03b9 \u03c0\u03bf\u03c5 \u03bd\u03b1 \u03b5\u03bd\u03ce\u03bd\u03b5\u03b9 \u03c4\u03b7 \u03c6\u03b9\u03bb\u03af\u03b1, \u03c4\u03b7\u03bd \u03b1\u03b3\u03ac\u03c0\u03b7 \u03ba\u03b1\u03b9 \u03c4\u03bf \u03c0\u03bd\u03b5\u03cd\u03bc\u03b1 \u03c4\u03b7\u03c2 \u03c0\u03b5\u03c1\u03b9\u03c0\u03ad\u03c4\u03b5\u03b9\u03b1\u03c2, \u03b1\u03c5\u03c4\u03cc \u03c4\u03bf \u03c3\u03b5\u03c4 \u03b5\u03af\u03bd\u03b1\u03b9 \u03c4\u03bf \u03c3\u03cd\u03bc\u03b2\u03bf\u03bb\u03cc \u03c3\u03bf\u03c5. \u039f \u039c\u03ad\u03b3\u03b1\u03c2 \u0391\u03bb\u03ad\u03be\u03b1\u03bd\u03b4\u03c1\u03bf\u03c2, \u03b7 \u03a1\u03c9\u03be\u03ac\u03bd\u03b7 \u03ba\u03b1\u03b9 \u03bf \u0397\u03c6\u03b1\u03b9\u03c3\u03c4\u03af\u03c9\u03bd\u03b1\u03c2 \u03b1\u03bd\u03c4\u03b9\u03c0\u03c1\u03bf\u03c3\u03c9\u03c0\u03b5\u03cd\u03bf\u03c5\u03bd \u03c4\u03bf \u03cc\u03c1\u03b1\u03bc\u03b1 \u03b3\u03b9\u03b1 \u03ad\u03bd\u03b1\u03bd \u03ba\u03cc\u03c3\u03bc\u03bf \u03c7\u03c9\u03c1\u03af\u03c2 \u03c3\u03cd\u03bd\u03bf\u03c1\u03b1. \u0395\u03af\u03bd\u03b1\u03b9 \u03c4\u03bf \u03b9\u03b4\u03b1\u03bd\u03b9\u03ba\u03cc \u03b4\u03ce\u03c1\u03bf \u03b3\u03b9\u03b1 \u03c4\u03bf\u03c5\u03c2 \u03bb\u03ac\u03c4\u03c1\u03b5\u03b9\u03c2 \u03c4\u03b7\u03c2 <strong>Ancient Greece<\/strong>, \u03c4\u03bf\u03c5\u03c2 digital nomads \u03c0\u03bf\u03c5 \u03c4\u03b1\u03be\u03b9\u03b4\u03b5\u03cd\u03bf\u03c5\u03bd \u03c4\u03bf\u03bd \u03ba\u03cc\u03c3\u03bc\u03bf, \u03b1\u03bb\u03bb\u03ac \u03ba\u03b1\u03b9 \u03b3\u03b9\u03b1 \u03cc\u03c3\u03bf\u03c5\u03c2 \u03b8\u03ad\u03bb\u03bf\u03c5\u03bd \u03bd\u03b1 \u03b4\u03b9\u03b1\u03ba\u03bf\u03c3\u03bc\u03ae\u03c3\u03bf\u03c5\u03bd \u03c4\u03bf <em>Sketchbook Morpheus<\/em> \u03c4\u03bf\u03c5\u03c2 \u03bc\u03b5 \u03bc\u03b9\u03b1 \u03b9\u03c3\u03c4\u03bf\u03c1\u03af\u03b1 \u03c0\u03bf\u03c5 \u03c0\u03b1\u03c1\u03b1\u03bc\u03ad\u03bd\u03b5\u03b9 \u03b5\u03c0\u03af\u03ba\u03b1\u03b9\u03c1\u03b7. \u039a\u03ac\u03b8\u03b5 \u03b1\u03c5\u03c4\u03bf\u03ba\u03cc\u03bb\u03bb\u03b7\u03c4\u03bf \u03b5\u03af\u03bd\u03b1\u03b9 \u03bc\u03b9\u03b1 \u03c5\u03c0\u03b5\u03bd\u03b8\u03cd\u03bc\u03b9\u03c3\u03b7 \u03cc\u03c4\u03b9 \u03c4\u03bf \u03c0\u03ac\u03b8\u03bf\u03c2 \u03ba\u03b1\u03b9 \u03b7 \u03b1\u03c6\u03bf\u03c3\u03af\u03c9\u03c3\u03b7 \u03b5\u03af\u03bd\u03b1\u03b9 \u03c4\u03b1 \u03b5\u03c1\u03b3\u03b1\u03bb\u03b5\u03af\u03b1 \u03b3\u03b9\u03b1 \u03bd\u03b1 \u03ba\u03b1\u03c4\u03b1\u03ba\u03c4\u03ae\u03c3\u03b5\u03b9\u03c2 \u03c4\u03bf\u03c5\u03c2 \u03b4\u03b9\u03ba\u03bf\u03cd\u03c2 \u03c3\u03bf\u03c5 \u03c3\u03c4\u03cc\u03c7\u03bf\u03c5\u03c2.<\/p>\n<h3>Frequently Asked Questions (FAQ)<\/h3>\n<p><strong>\u03a0\u03cc\u03c3\u03b1 \u03b1\u03c5\u03c4\u03bf\u03ba\u03cc\u03bb\u03bb\u03b7\u03c4\u03b1 \u03c0\u03b5\u03c1\u03b9\u03bb\u03b1\u03bc\u03b2\u03ac\u03bd\u03b5\u03b9 \u03c4\u03bf \u03c3\u03b5\u03c4;<\/strong><br \/>\n\u03a4\u03bf Sticker Group \u03c0\u03b5\u03c1\u03b9\u03bb\u03b1\u03bc\u03b2\u03ac\u03bd\u03b5\u03b9 5 \u03be\u03b5\u03c7\u03c9\u03c1\u03b9\u03c3\u03c4\u03ac \u03b1\u03c5\u03c4\u03bf\u03ba\u03cc\u03bb\u03bb\u03b7\u03c4\u03b1, \u03c3\u03c5\u03bc\u03c0\u03b5\u03c1\u03b9\u03bb\u03b1\u03bc\u03b2\u03b1\u03bd\u03bf\u03bc\u03ad\u03bd\u03c9\u03bd \u03c4\u03c9\u03bd \u03c4\u03c1\u03b9\u03ce\u03bd \u03bc\u03bf\u03c1\u03c6\u03ce\u03bd \u03ba\u03b1\u03b9 \u03c3\u03c5\u03bc\u03b2\u03bf\u03bb\u03b9\u03ba\u03ce\u03bd \u03c3\u03c4\u03bf\u03b9\u03c7\u03b5\u03af\u03c9\u03bd \u03c0\u03bf\u03c5 \u03bf\u03bb\u03bf\u03ba\u03bb\u03b7\u03c1\u03ce\u03bd\u03bf\u03c5\u03bd \u03c4\u03bf concept.<\/p>\n<p><strong>\u039c\u03c0\u03bf\u03c1\u03ce \u03bd\u03b1 \u03c4\u03b1 \u03c7\u03c1\u03b7\u03c3\u03b9\u03bc\u03bf\u03c0\u03bf\u03b9\u03ae\u03c3\u03c9 \u03c3\u03b5 \u03b5\u03be\u03c9\u03c4\u03b5\u03c1\u03b9\u03ba\u03bf\u03cd\u03c2 \u03c7\u03ce\u03c1\u03bf\u03c5\u03c2;<\/strong><br \/>\n\u039d\u03b1\u03b9! \u03a7\u03ac\u03c1\u03b7 \u03c3\u03c4\u03bf \u03b1\u03bd\u03b1\u03ba\u03c5\u03ba\u03bb\u03c9\u03bc\u03ad\u03bd\u03bf \u03c0\u03bb\u03b1\u03c3\u03c4\u03b9\u03ba\u03cc \u03ba\u03b1\u03b9 \u03c4\u03b7\u03bd \u03b5\u03b9\u03b4\u03b9\u03ba\u03ae \u03c0\u03c1\u03bf\u03c3\u03c4\u03b1\u03c3\u03af\u03b1, \u03b1\u03bd\u03c4\u03ad\u03c7\u03bf\u03c5\u03bd \u03c3\u03c4\u03bf\u03bd \u03ae\u03bb\u03b9\u03bf \u03ba\u03b1\u03b9 \u03c4\u03b9\u03c2 \u03ba\u03b1\u03b9\u03c1\u03b9\u03ba\u03ad\u03c2 \u03c3\u03c5\u03bd\u03b8\u03ae\u03ba\u03b5\u03c2, \u03ba\u03b1\u03b8\u03b9\u03c3\u03c4\u03ce\u03bd\u03c4\u03b1\u03c2 \u03c4\u03b1 \u03b9\u03b4\u03b1\u03bd\u03b9\u03ba\u03ac \u03b3\u03b9\u03b1 \u03c4\u03bf \u03c0\u03bf\u03b4\u03ae\u03bb\u03b1\u03c4\u03bf \u03ae \u03c4\u03bf \u03bc\u03c0\u03bf\u03c5\u03ba\u03ac\u03bb\u03b9 \u03bd\u03b5\u03c1\u03bf\u03cd \u03c3\u03bf\u03c5.<\/p>\n<p><strong>\u03a4\u03b9 \u03bc\u03ad\u03b3\u03b5\u03b8\u03bf\u03c2 \u03ad\u03c7\u03bf\u03c5\u03bd \u03c4\u03b1 \u03b1\u03c5\u03c4\u03bf\u03ba\u03cc\u03bb\u03bb\u03b7\u03c4\u03b1;<\/strong><br \/>\n\u038c\u03bb\u03bf \u03c4\u03bf sticker sheet \u03b5\u03af\u03bd\u03b1\u03b9 \u03bc\u03b5\u03b3\u03ad\u03b8\u03bf\u03c5\u03c2 B6, \u03b5\u03bd\u03ce \u03c4\u03b1 \u03bc\u03b5\u03bc\u03bf\u03bd\u03c9\u03bc\u03ad\u03bd\u03b1 stickers \u03ad\u03c7\u03bf\u03c5\u03bd \u03c4\u03bf \u03b9\u03b4\u03b1\u03bd\u03b9\u03ba\u03cc \u03bc\u03ad\u03b3\u03b5\u03b8\u03bf\u03c2 \u03b3\u03b9\u03b1 \u03bd\u03b1 \u03c7\u03c9\u03c1\u03bf\u03cd\u03bd \u03c3\u03b5 smartphone cases \u03ba\u03b1\u03b9 \u03bc\u03b9\u03ba\u03c1\u03ad\u03c2 \u03b5\u03c0\u03b9\u03c6\u03ac\u03bd\u03b5\u03b9\u03b5\u03c2.<\/p>\n<p><strong>\u03a0\u03ce\u03c2 \u03b2\u03bf\u03b7\u03b8\u03bf\u03cd\u03bd \u03c3\u03c4\u03b7 \u03bc\u03b5\u03af\u03c9\u03c3\u03b7 \u03c4\u03bf\u03c5 \u03c0\u03bb\u03b1\u03c3\u03c4\u03b9\u03ba\u03bf\u03cd;<\/strong><br \/>\n\u039a\u03ac\u03b8\u03b5 \u03c3\u03b5\u03c4 \u03b4\u03af\u03bd\u03b5\u03b9 \u03bc\u03b9\u03b1 \u03bd\u03ad\u03b1 \u03b6\u03c9\u03ae \u03c3\u03b5 \u03c0\u03bb\u03b1\u03c3\u03c4\u03b9\u03ba\u03cc \u03c0\u03bf\u03c5 \u03b8\u03b1 \u03ba\u03b1\u03c4\u03ad\u03bb\u03b7\u03b3\u03b5 \u03c3\u03c4\u03b1 \u03b1\u03c0\u03bf\u03c1\u03c1\u03af\u03bc\u03bc\u03b1\u03c4\u03b1, \u03bc\u03b5\u03c4\u03b1\u03c4\u03c1\u03ad\u03c0\u03bf\u03bd\u03c4\u03ac\u03c2 \u03c4\u03bf \u03c3\u03b5 \u03ad\u03bd\u03b1 \u03b1\u03bd\u03c4\u03b9\u03ba\u03b5\u03af\u03bc\u03b5\u03bd\u03bf \u03c4\u03ad\u03c7\u03bd\u03b7\u03c2 \u03bc\u03b5 \u03b4\u03b9\u03ac\u03c1\u03ba\u03b5\u03b9\u03b1.<\/p>\n<p>\u0397 \u03b4\u03b9\u03ba\u03ae \u03c3\u03bf\u03c5 \u03b9\u03c3\u03c4\u03bf\u03c1\u03af\u03b1 \u03be\u03b5\u03ba\u03b9\u03bd\u03ac \u03b5\u03b4\u03ce. \u03a4\u03cc\u03bb\u03bc\u03b7\u03c3\u03b5 \u03bd\u03b1 \u03ba\u03b1\u03c4\u03b1\u03ba\u03c4\u03ae\u03c3\u03b5\u03b9\u03c2 \u03c4\u03bf \u03b4\u03b9\u03ba\u03cc \u03c3\u03bf\u03c5 &#8220;\u03b3\u03b9\u03b1 \u03c0\u03ac\u03bd\u03c4\u03b1&#8221; \u03bc\u03b5 \u03c4\u03b7\u03bd \u03ad\u03bc\u03c0\u03bd\u03b5\u03c5\u03c3\u03b7 \u03c4\u03bf\u03c5 \u03a0\u03ac\u03bd\u03b8\u03b5\u03bf\u03bd.<\/p>","protected":false},"excerpt":{"rendered":"<p><strong>\u201c\u0391\u03b3\u03ac\u03c0\u03b7, \u03b1\u03c6\u03bf\u03c3\u03af\u03c9\u03c3\u03b7 \u03ba\u03b1\u03b9 \u03cc\u03c1\u03b1\u03bc\u03b1 \u03b3\u03b9\u03b1 \u03ad\u03bd\u03b1\u03bd \u03ba\u03b1\u03bb\u03cd\u03c4\u03b5\u03c1\u03bf \u03ba\u03cc\u03c3\u03bc\u03bf.\u201d<\/strong> The <em>Sticker Group Hephaist\u00edon, Raux\u0161an\u0101 &amp; Al\u00e9xandros<\/em> \u03b5\u03af\u03bd\u03b1\u03b9 \u03b1\u03c6\u03b9\u03b5\u03c1\u03c9\u03bc\u03ad\u03bd\u03bf \u03c3\u03b5 \u03c4\u03c1\u03b5\u03b9\u03c2 \u03c0\u03c1\u03bf\u03c3\u03c9\u03c0\u03b9\u03ba\u03cc\u03c4\u03b7\u03c4\u03b5\u03c2 \u03c0\u03bf\u03c5 \u03b7 \u03b9\u03c3\u03c4\u03bf\u03c1\u03af\u03b1 \u03c4\u03bf\u03c5\u03c2 \u03c0\u03b1\u03c1\u03b1\u03bc\u03ad\u03bd\u03b5\u03b9 \u03b6\u03c9\u03bd\u03c4\u03b1\u03bd\u03ae \u03bc\u03ad\u03c3\u03b1 \u03b1\u03c0\u03cc \u03c4\u03bf\u03c5\u03c2 \u03b1\u03b9\u03ce\u03bd\u03b5\u03c2. \u03a4\u03c1\u03af\u03b1 \u03b2\u03bb\u03ad\u03bc\u03bc\u03b1\u03c4\u03b1, \u03ad\u03bd\u03b1 \u03c0\u03ac\u03b8\u03bf\u03c2 \u03ba\u03b1\u03b9 \u03ad\u03bd\u03b1 \u03ba\u03bf\u03b9\u03bd\u03cc \u03bc\u03c5\u03c3\u03c4\u03b9\u03ba\u03cc \u03b1\u03c0\u03bf\u03c4\u03c5\u03c0\u03ce\u03bd\u03bf\u03bd\u03c4\u03b1\u03b9 \u03bc\u03b5 \u03c4\u03b7 \u03c3\u03cd\u03b3\u03c7\u03c1\u03bf\u03bd\u03b7 \u03b3\u03c1\u03b1\u03bc\u03bc\u03b9\u03ba\u03ae \u03b1\u03b9\u03c3\u03b8\u03b7\u03c4\u03b9\u03ba\u03ae \u03bc\u03b1\u03c2. \u03a3\u03c7\u03b5\u03b4\u03b9\u03b1\u03c3\u03bc\u03ad\u03bd\u03b1 \u03b3\u03b9\u03b1 \u03cc\u03c3\u03bf\u03c5\u03c2 \u03c3\u03ba\u03ad\u03c6\u03c4\u03bf\u03bd\u03c4\u03b1\u03b9 \u03bc\u03b5\u03b3\u03b1\u03bb\u03cc\u03c0\u03bd\u03bf\u03b1, \u03b1\u03c5\u03c4\u03ac \u03c4\u03b1 \u03b1\u03c5\u03c4\u03bf\u03ba\u03cc\u03bb\u03bb\u03b7\u03c4\u03b1 \u03b1\u03c0\u03cc <strong>recycled plastic<\/strong> \u03b1\u03bd\u03c4\u03ad\u03c7\u03bf\u03c5\u03bd \u03c3\u03b5 \u03ba\u03ac\u03b8\u03b5 \u03c4\u03b1\u03be\u03af\u03b4\u03b9, \u03b1\u03c0\u03cc \u03c4\u03b7\u03bd \u03ba\u03b1\u03b8\u03b7\u03bc\u03b5\u03c1\u03b9\u03bd\u03cc\u03c4\u03b7\u03c4\u03b1 \u03bc\u03ad\u03c7\u03c1\u03b9 \u03c4\u03b7\u03bd \u03ac\u03ba\u03c1\u03b7 \u03c4\u03bf\u03c5 \u03ba\u03cc\u03c3\u03bc\u03bf\u03c5.<\/p>\n<ul>\n<li>\ud83e\uddff <strong>Legendary Trio:<\/strong> \u039c\u03b9\u03b1 \u03b9\u03c3\u03c4\u03bf\u03c1\u03af\u03b1 \u03b1\u03b3\u03ac\u03c0\u03b7\u03c2 \u03ba\u03b1\u03b9 \u03b1\u03c6\u03bf\u03c3\u03af\u03c9\u03c3\u03b7\u03c2 \u03b3\u03b9\u03b1 \u03c4\u03bf laptop \u03ae \u03c4\u03bf smartphone \u03c3\u03bf\u03c5.<\/li>\n<li>\ud83d\udca7 <strong>Empire Durability:<\/strong> \u0391\u03b4\u03b9\u03ac\u03b2\u03c1\u03bf\u03c7\u03b1 \u03ba\u03b1\u03b9 \u03b1\u03bd\u03b8\u03b5\u03ba\u03c4\u03b9\u03ba\u03ac, \u03c6\u03c4\u03b9\u03b1\u03b3\u03bc\u03ad\u03bd\u03b1 \u03b3\u03b9\u03b1 \u03bd\u03b1 \u03b1\u03bd\u03c4\u03ad\u03c7\u03bf\u03c5\u03bd \u03ba\u03ac\u03b8\u03b5 \u03c0\u03c1\u03cc\u03ba\u03bb\u03b7\u03c3\u03b7.<\/li>\n<li>\ud83c\udf3f <strong>Eco-Imperial:<\/strong> \u039a\u03b1\u03c4\u03b1\u03ba\u03c4\u03ac\u03c2 \u03c4\u03bf\u03bd \u03ba\u03cc\u03c3\u03bc\u03bf \u03bc\u03b5 \u03c3\u03b5\u03b2\u03b1\u03c3\u03bc\u03cc \u03c3\u03c4\u03bf \u03c0\u03b5\u03c1\u03b9\u03b2\u03ac\u03bb\u03bb\u03bf\u03bd, \u03c7\u03c1\u03b7\u03c3\u03b9\u03bc\u03bf\u03c0\u03bf\u03b9\u03ce\u03bd\u03c4\u03b1\u03c2 \u03b2\u03b9\u03ce\u03c3\u03b9\u03bc\u03b1 \u03c5\u03bb\u03b9\u03ba\u03ac.<\/li>\n<\/ul>\n<p><strong>\u0395\u03bd\u03ce\u03bd\u03b5\u03b9 \u03c6\u03b9\u03bb\u03af\u03b1, \u03b1\u03b3\u03ac\u03c0\u03b7 \u03ba\u03b1\u03b9 \u03c0\u03b5\u03c1\u03b9\u03c0\u03ad\u03c4\u03b5\u03b9\u03b1. \u0388\u03bd\u03b1 \u03c3\u03cd\u03bc\u03b2\u03bf\u03bb\u03bf \u03b3\u03b9\u03b1 \u03c4\u03b7 \u03b4\u03b9\u03ba\u03ae \u03c3\u03bf\u03c5 \u03c0\u03c1\u03bf\u03c3\u03c9\u03c0\u03b9\u03ba\u03ae \u03b1\u03c5\u03c4\u03bf\u03ba\u03c1\u03b1\u03c4\u03bf\u03c1\u03af\u03b1.<\/strong><\/p>","protected":false},"featured_media":2898,"comment_status":"open","ping_status":"closed","template":"","meta":{"_gspb_post_css":""},"product_brand":[],"product_cat":[86],"product_tag":[],"class_list":{"0":"post-2897","1":"product","2":"type-product","3":"status-publish","4":"has-post-thumbnail","6":"product_cat-stickers","8":"first","9":"instock","10":"taxable","11":"shipping-taxable","12":"purchasable","13":"product-type-simple"},"_links":{"self":[{"href":"https:\/\/love-artually.com\/en\/wp-json\/wp\/v2\/product\/2897","targetHints":{"allow":["GET"]}}],"collection":[{"href":"https:\/\/love-artually.com\/en\/wp-json\/wp\/v2\/product"}],"about":[{"href":"https:\/\/love-artually.com\/en\/wp-json\/wp\/v2\/types\/product"}],"replies":[{"embeddable":true,"href":"https:\/\/love-artually.com\/en\/wp-json\/wp\/v2\/comments?post=2897"}],"wp:featuredmedia":[{"embeddable":true,"href":"https:\/\/love-artually.com\/en\/wp-json\/wp\/v2\/media\/2898"}],"wp:attachment":[{"href":"https:\/\/love-artually.com\/en\/wp-json\/wp\/v2\/media?parent=2897"}],"wp:term":[{"taxonomy":"product_brand","embeddable":true,"href":"https:\/\/love-artually.com\/en\/wp-json\/wp\/v2\/product_brand?post=2897"},{"taxonomy":"product_cat","embeddable":true,"href":"https:\/\/love-artually.com\/en\/wp-json\/wp\/v2\/product_cat?post=2897"},{"taxonomy":"product_tag","embeddable":true,"href":"https:\/\/love-artually.com\/en\/wp-json\/wp\/v2\/product_tag?post=2897"}],"curies":[{"name":"wp","href":"https:\/\/api.w.org\/{rel}","templated":true}]}}